{"id":251,"date":"2019-04-28T20:41:42","date_gmt":"2019-04-28T18:41:42","guid":{"rendered":"http:\/\/www.enkesen.de\/?page_id=251"},"modified":"2019-05-02T12:48:54","modified_gmt":"2019-05-02T10:48:54","slug":"der-name","status":"publish","type":"page","link":"https:\/\/www.enkesen.de\/?page_id=251","title":{"rendered":"Der Name"},"content":{"rendered":"\n<p>Enkesen, den Namen gibt es\nim Kreis Soest gleich zwei Mal. Enkesen im Klei, Enkesen im Bruch.<\/p>\n\n\n\n<p>Unser Enkesen liegt also im Bruch, was darauf hindeutet, dass es hier mal sumpfig gewesen ist. Was hingegen der Name Enkesen bedeuten soll, das wissen wir nicht. Die Dorfnamen im Umkreis sind offenbar s\u00e4chsischen Ursprungs, Namen, die auf -husen, -hausen, -ingsen enden. Eine Reihe dieser Namen sind zudem so \u00e4hnlich, dass nicht ganz klar ist, ob im Archiv auch wirklich Enkesen im Bruch gemeint ist. Die Schreibungen von Ortsnamen war bis vor rund 200 Jahren recht beliebig. Man passte sich den Schreib- und Sprechgewohnheiten der Menschen an. Geschrieben wurde oftmals nach Geh\u00f6r. F\u00fcr Enkesen sind daher auch folgende Schreibweisen \u00fcberliefert: \u00c4nkesen, Edinchusen, Enkhausen, Egynchusen, Eygginckhusen.<\/p>\n\n\n\n<p>Heiko Droste <\/p>\n","protected":false},"excerpt":{"rendered":"<p>Enkesen, den Namen gibt es im Kreis Soest gleich zwei Mal. Enkesen im Klei, Enkesen im Bruch. Unser Enkesen liegt also im Bruch, was darauf hindeutet, dass es hier mal sumpfig gewesen ist. Was hingegen der Name Enkesen bedeuten soll, das wissen wir nicht. Die Dorfnamen im Umkreis sind offenbar s\u00e4chsischen Ursprungs, Namen, die auf &hellip; <\/p>\n<p class=\"link-more\"><a href=\"https:\/\/www.enkesen.de\/?page_id=251\" class=\"more-link\"><span class=\"screen-reader-text\">\u201eDer Name\u201c <\/span>weiterlesen<\/a><\/p>\n","protected":false},"author":1,"featured_media":0,"parent":0,"menu_order":0,"comment_status":"closed","ping_status":"closed","template":"template-full-width.php","meta":{"footnotes":""},"class_list":["post-251","page","type-page","status-publish","hentry"],"_links":{"self":[{"href":"https:\/\/www.enkesen.de\/index.php?rest_route=\/wp\/v2\/pages\/251","targetHints":{"allow":["GET"]}}],"collection":[{"href":"https:\/\/www.enkesen.de\/index.php?rest_route=\/wp\/v2\/pages"}],"about":[{"href":"https:\/\/www.enkesen.de\/index.php?rest_route=\/wp\/v2\/types\/page"}],"author":[{"embeddable":true,"href":"https:\/\/www.enkesen.de\/index.php?rest_route=\/wp\/v2\/users\/1"}],"replies":[{"embeddable":true,"href":"https:\/\/www.enkesen.de\/index.php?rest_route=%2Fwp%2Fv2%2Fcomments&post=251"}],"version-history":[{"count":2,"href":"https:\/\/www.enkesen.de\/index.php?rest_route=\/wp\/v2\/pages\/251\/revisions"}],"predecessor-version":[{"id":266,"href":"https:\/\/www.enkesen.de\/index.php?rest_route=\/wp\/v2\/pages\/251\/revisions\/266"}],"wp:attachment":[{"href":"https:\/\/www.enkesen.de\/index.php?rest_route=%2Fwp%2Fv2%2Fmedia&parent=251"}],"curies":[{"name":"wp","href":"https:\/\/api.w.org\/{rel}","templated":true}]}}