{"id":247,"date":"2019-04-28T20:40:24","date_gmt":"2019-04-28T18:40:24","guid":{"rendered":"http:\/\/www.enkesen.de\/?page_id=247"},"modified":"2019-05-02T12:48:29","modified_gmt":"2019-05-02T10:48:29","slug":"der-krieg%ef%bb%bf","status":"publish","type":"page","link":"https:\/\/www.enkesen.de\/?page_id=247","title":{"rendered":"Der Krieg\ufeff"},"content":{"rendered":"\n<p>Wenn wir im Archiv nach\nEnkesen suchen, dann finden wir in aller Regel Angaben zum Besitz bzw. zu den\nH\u00f6fen im Dorf, nicht den Einwohnern. In den ersten 500 Jahren\nder Existenz Enkesens wird das Dorf daher vor allem dann erw\u00e4hnt, wenn es durch\nden Krieg zu Zerst\u00f6rungen kam. <\/p>\n\n\n\n<p><em>&#8222;Item up sunte Catrinen dach<\/em> [25. November 1445] <em>&#8222;branten\nde van Werle den junferen van dem Paradiese af Merckelynckhusen, Eygynckhusen,\nSweve und alles, wes dar de junferen noch hadden.&#8220;<\/em> Am 25. November\n1445 brannten die Werler, die in der Soester Fehde (1444-1449) zum Erzbischof\nvon K\u00f6ln hielten, den Jungfrauen von Paradiese mehrere D\u00f6rfer ab, darunter\nEnkesen. So schreibt der Soester Stadtschreiber Bartholom\u00e4us von der Lake in\nseiner Chronik zur Soester Fehde. Hieraus erfahren wir nicht nur, dass Enkesen ein weiteres Mal in Kriegen, die Soest gef\u00fchrt\nhat, zerst\u00f6rt worden ist. Enkesen wird hier au\u00dferdem als ein Besitz des\nKlosters Paradiese behandelt. <\/p>\n\n\n\n<p>\u00dcber die Einwohner des\nOrtes, ob sie umkamen oder fliehen konnten, erfahren wir nichts, was im \u00dcbrigen\n\u00fcblich ist. Vermutlich waren die Einwohner Enkesens nach Soest oder in die\nSchwefer Kirche geflohen. Die Kirchen waren als heilige Orte vor Eroberung und\nGewalttat gesch\u00fctzt. Ein Angriff galt als Kriegsverbrechen; die hat es freilich\nauch damals schon gegeben.<\/p>\n\n\n\n<p>Im Jahr 1506 f\u00fchrte die\nStadt eine Fehde gegen einen k\u00f6lnischen Ritter, der daraufhin einige D\u00f6rfer\nbesetzte und ansteckte. Das Archiv vermeldet nur, dass diese D\u00f6rfer dem Kloster\nParadiese geh\u00f6rten. 1595 und 1607 erreichte der niederl\u00e4ndische\nUnabh\u00e4ngigkeitskrieg die Soester B\u00f6rde, erneute Zerst\u00f6rungen waren die Folge.\nSchlie\u00dflich wurde Soest im Drei\u00dfigj\u00e4hrigen Krieg belagert und eingenommen.\nPl\u00fcnderungen und Zerst\u00f6rungen auch der umliegenden D\u00f6rfer schlossen sich an.<\/p>\n\n\n\n<p>Kriegf\u00fchrung lief in \u00e4lteren Jahrhunderten darauf hinaus, dass die Armeen sich durch Beutez\u00fcge ern\u00e4hrten und den Gegner durch Verw\u00fcstungen seines Besitzes sch\u00e4digten. Offene Schlachten waren eher selten. Das kann man sehr gut im Abenteuerlichen Simplicissimus von Grimmelshausen nachlesen. Der Held der Erz\u00e4hlung lebte einen Winter lang im Kloster Paradiese und wurde vor einigen Jahrzehnten zur Vorlage des J\u00e4gerkens von Soest. <\/p>\n\n\n\n<p>Heiko Droste <\/p>\n","protected":false},"excerpt":{"rendered":"<p>Wenn wir im Archiv nach Enkesen suchen, dann finden wir in aller Regel Angaben zum Besitz bzw. zu den H\u00f6fen im Dorf, nicht den Einwohnern. In den ersten 500 Jahren der Existenz Enkesens wird das Dorf daher vor allem dann erw\u00e4hnt, wenn es durch den Krieg zu Zerst\u00f6rungen kam. &#8222;Item up sunte Catrinen dach [25. &hellip; <\/p>\n<p class=\"link-more\"><a href=\"https:\/\/www.enkesen.de\/?page_id=247\" class=\"more-link\"><span class=\"screen-reader-text\">\u201eDer Krieg\ufeff\u201c <\/span>weiterlesen<\/a><\/p>\n","protected":false},"author":1,"featured_media":0,"parent":0,"menu_order":0,"comment_status":"closed","ping_status":"closed","template":"template-full-width.php","meta":{"footnotes":""},"class_list":["post-247","page","type-page","status-publish","hentry"],"_links":{"self":[{"href":"https:\/\/www.enkesen.de\/index.php?rest_route=\/wp\/v2\/pages\/247","targetHints":{"allow":["GET"]}}],"collection":[{"href":"https:\/\/www.enkesen.de\/index.php?rest_route=\/wp\/v2\/pages"}],"about":[{"href":"https:\/\/www.enkesen.de\/index.php?rest_route=\/wp\/v2\/types\/page"}],"author":[{"embeddable":true,"href":"https:\/\/www.enkesen.de\/index.php?rest_route=\/wp\/v2\/users\/1"}],"replies":[{"embeddable":true,"href":"https:\/\/www.enkesen.de\/index.php?rest_route=%2Fwp%2Fv2%2Fcomments&post=247"}],"version-history":[{"count":2,"href":"https:\/\/www.enkesen.de\/index.php?rest_route=\/wp\/v2\/pages\/247\/revisions"}],"predecessor-version":[{"id":265,"href":"https:\/\/www.enkesen.de\/index.php?rest_route=\/wp\/v2\/pages\/247\/revisions\/265"}],"wp:attachment":[{"href":"https:\/\/www.enkesen.de\/index.php?rest_route=%2Fwp%2Fv2%2Fmedia&parent=247"}],"curies":[{"name":"wp","href":"https:\/\/api.w.org\/{rel}","templated":true}]}}