{"id":187,"date":"2019-01-10T18:19:34","date_gmt":"2019-01-10T17:19:34","guid":{"rendered":"http:\/\/www.enkesen.de\/?page_id=187"},"modified":"2019-01-10T18:21:21","modified_gmt":"2019-01-10T17:21:21","slug":"cookies","status":"publish","type":"page","link":"https:\/\/www.enkesen.de\/?page_id=187","title":{"rendered":"Cookies"},"content":{"rendered":"\n<p>Diese Internetseite verwendet so genannte  Cookies. Cookies richten auf Ihrem Rechner keinen Schaden an und  enthalten keine Viren. Cookies dienen dazu, unser Angebot  nutzerfreundlicher, effektiver und sicherer zu machen. Cookies sind  kleine Textdateien, die auf Ihrem Rechner abgelegt werden und die Ihr  Browser speichert.<\/p>\n\n\n\n<p>Die meisten der von uns verwendeten Cookies \nsind so genannte \u201cSession-Cookies\u201d. Sie werden nach Ende Ihres Besuchs \nautomatisch gel\u00f6scht. Andere Cookies bleiben auf Ihrem Endger\u00e4t \ngespeichert bis Sie diese l\u00f6schen. Diese Cookies erm\u00f6glichen es uns, \nIhren Browser beim n\u00e4chsten Besuch wiederzuerkennen.<\/p>\n\n\n\n<p>Sie k\u00f6nnen \nIhren Browser so einstellen, dass Sie \u00fcber das Setzen von Cookies \ninformiert werden und Cookies nur im Einzelfall erlauben, die Annahme \nvon Cookies f\u00fcr bestimmte F\u00e4lle oder generell ausschlie\u00dfen sowie das \nautomatische L\u00f6schen der Cookies beim Schlie\u00dfen des Browser aktivieren. \nBei der Deaktivierung von Cookies kann die Funktionalit\u00e4t dieser Website\n eingeschr\u00e4nkt sein.<\/p>\n\n\n\n<p>Cookies, die zur Durchf\u00fchrung des \nelektronischen Kommunikationsvorgangs oder zur Bereitstellung \nbestimmter, von Ihnen erw\u00fcnschter Funktionen (z.B. Warenkorbfunktion) \nerforderlich sind, werden auf Grundlage von Art. 6 Abs. 1 lit. f DSGVO \ngespeichert. Der Websitebetreiber hat ein berechtigtes Interesse an der \nSpeicherung von Cookies zur technisch fehlerfreien und optimierten \nBereitstellung seiner Dienste. Soweit andere Cookies (z.B. Cookies zur \nAnalyse Ihres Surfverhaltens) gespeichert werden, werden diese in dieser\n Datenschutzerkl\u00e4rung gesondert behandelt.<\/p>\n","protected":false},"excerpt":{"rendered":"<p>Diese Internetseite verwendet so genannte Cookies. Cookies richten auf Ihrem Rechner keinen Schaden an und enthalten keine Viren. Cookies dienen dazu, unser Angebot nutzerfreundlicher, effektiver und sicherer zu machen. Cookies sind kleine Textdateien, die auf Ihrem Rechner abgelegt werden und die Ihr Browser speichert. Die meisten der von uns verwendeten Cookies sind so genannte \u201cSession-Cookies\u201d. &hellip; <\/p>\n<p class=\"link-more\"><a href=\"https:\/\/www.enkesen.de\/?page_id=187\" class=\"more-link\"><span class=\"screen-reader-text\">\u201eCookies\u201c <\/span>weiterlesen<\/a><\/p>\n","protected":false},"author":1,"featured_media":0,"parent":0,"menu_order":0,"comment_status":"closed","ping_status":"closed","template":"template-full-width.php","meta":{"footnotes":""},"class_list":["post-187","page","type-page","status-publish","hentry"],"_links":{"self":[{"href":"https:\/\/www.enkesen.de\/index.php?rest_route=\/wp\/v2\/pages\/187","targetHints":{"allow":["GET"]}}],"collection":[{"href":"https:\/\/www.enkesen.de\/index.php?rest_route=\/wp\/v2\/pages"}],"about":[{"href":"https:\/\/www.enkesen.de\/index.php?rest_route=\/wp\/v2\/types\/page"}],"author":[{"embeddable":true,"href":"https:\/\/www.enkesen.de\/index.php?rest_route=\/wp\/v2\/users\/1"}],"replies":[{"embeddable":true,"href":"https:\/\/www.enkesen.de\/index.php?rest_route=%2Fwp%2Fv2%2Fcomments&post=187"}],"version-history":[{"count":2,"href":"https:\/\/www.enkesen.de\/index.php?rest_route=\/wp\/v2\/pages\/187\/revisions"}],"predecessor-version":[{"id":189,"href":"https:\/\/www.enkesen.de\/index.php?rest_route=\/wp\/v2\/pages\/187\/revisions\/189"}],"wp:attachment":[{"href":"https:\/\/www.enkesen.de\/index.php?rest_route=%2Fwp%2Fv2%2Fmedia&parent=187"}],"curies":[{"name":"wp","href":"https:\/\/api.w.org\/{rel}","templated":true}]}}