{"id":120,"date":"2019-01-03T21:07:16","date_gmt":"2019-01-03T20:07:16","guid":{"rendered":"http:\/\/www.enkesen.de\/?page_id=120"},"modified":"2026-01-07T15:46:05","modified_gmt":"2026-01-07T14:46:05","slug":"ansprechpartner","status":"publish","type":"page","link":"https:\/\/www.enkesen.de\/?page_id=120","title":{"rendered":"Ansprechpartner"},"content":{"rendered":"\n<h2 class=\"wp-block-heading\">Ortsvorsteherin<\/h2>\n\n\n\n<p>Astrid L\u00fcsse<br>Bruchstra\u00dfe  12<br>59494 Soest &#8211; Enkesen <br>Tel: 02928 \/ 970767<\/p>\n\n\n\n<h2 class=\"wp-block-heading\">Heimatverein<\/h2>\n\n\n\n<p>1. Vorsitzender <br>Dr. Hugo Hauschulte<br><\/p>\n\n\n\n<h2 class=\"wp-block-heading\">Sch\u00fctzenverein<\/h2>\n\n\n\n<p><a href=\"http:\/\/www.schuetzenverein-enkesen-paradiese.de\">Sch\u00fctzenverein Enkesen \u2013 Paradiese e.V.<\/a><br>Gesch\u00e4ftsf\u00fchrender Vorstand<\/p>\n\n\n\n<p>Richard Balks (Henning Mohrs, Markus Kaymer, Marco Peters)<br>Bruchstra\u00dfe 17<br>59494 Soest-Enkesen<br>Tel: 0160\/2148072<br><\/p>\n\n\n\n<h2 class=\"wp-block-heading\">Hallenvermietung Sch\u00fctzenhalle<\/h2>\n\n\n\n<p>Ronni Strothkamp und Nicole Strothkamp<br>Feidweg 20<br>59494 Soest-Enkesen<br>Tel: 02928\/839908 <\/p>\n","protected":false},"excerpt":{"rendered":"<p>Ortsvorsteherin Astrid L\u00fcsseBruchstra\u00dfe 1259494 Soest &#8211; Enkesen Tel: 02928 \/ 970767 Heimatverein 1. Vorsitzender Dr. Hugo Hauschulte Sch\u00fctzenverein Sch\u00fctzenverein Enkesen \u2013 Paradiese e.V.Gesch\u00e4ftsf\u00fchrender Vorstand Richard Balks (Henning Mohrs, Markus Kaymer, Marco Peters)Bruchstra\u00dfe 1759494 Soest-EnkesenTel: 0160\/2148072 Hallenvermietung Sch\u00fctzenhalle Ronni Strothkamp und Nicole StrothkampFeidweg 2059494 Soest-EnkesenTel: 02928\/839908<\/p>\n","protected":false},"author":1,"featured_media":0,"parent":0,"menu_order":0,"comment_status":"closed","ping_status":"closed","template":"template-full-width.php","meta":{"footnotes":""},"class_list":["post-120","page","type-page","status-publish","hentry"],"_links":{"self":[{"href":"https:\/\/www.enkesen.de\/index.php?rest_route=\/wp\/v2\/pages\/120","targetHints":{"allow":["GET"]}}],"collection":[{"href":"https:\/\/www.enkesen.de\/index.php?rest_route=\/wp\/v2\/pages"}],"about":[{"href":"https:\/\/www.enkesen.de\/index.php?rest_route=\/wp\/v2\/types\/page"}],"author":[{"embeddable":true,"href":"https:\/\/www.enkesen.de\/index.php?rest_route=\/wp\/v2\/users\/1"}],"replies":[{"embeddable":true,"href":"https:\/\/www.enkesen.de\/index.php?rest_route=%2Fwp%2Fv2%2Fcomments&post=120"}],"version-history":[{"count":21,"href":"https:\/\/www.enkesen.de\/index.php?rest_route=\/wp\/v2\/pages\/120\/revisions"}],"predecessor-version":[{"id":298,"href":"https:\/\/www.enkesen.de\/index.php?rest_route=\/wp\/v2\/pages\/120\/revisions\/298"}],"wp:attachment":[{"href":"https:\/\/www.enkesen.de\/index.php?rest_route=%2Fwp%2Fv2%2Fmedia&parent=120"}],"curies":[{"name":"wp","href":"https:\/\/api.w.org\/{rel}","templated":true}]}}