{"id":245,"date":"2019-04-28T20:39:40","date_gmt":"2019-04-28T18:39:40","guid":{"rendered":"http:\/\/www.enkesen.de\/?page_id=245"},"modified":"2019-05-02T12:49:36","modified_gmt":"2019-05-02T10:49:36","slug":"die-kirche-st-severin-in-schwefe","status":"publish","type":"page","link":"http:\/\/www.enkesen.de\/?page_id=245","title":{"rendered":"Die Kirche St. Severin in Schwefe"},"content":{"rendered":"\n<p>Enkesen wird wie auch die\nanderen umliegenden D\u00f6rfer zuerst im Zusammenhang mit dem Kloster Paradiese\ngenannt. Die dortigen Dominikanerinnen hatten viel Grundbesitz in der Umgebung.\nGemeinsam ist den D\u00f6rfern auch, dass sie sp\u00e4testens seit dem 13. Jahrhundert\nzur Kirchengemeinde Schwefe geh\u00f6rten. Die D\u00f6rfer waren dabei von Beginn an so\nklein, dass sie keine eigene Kirche hatten. Das ist eine Besonderheit der\nSoester B\u00f6rde.<\/p>\n\n\n\n<p>Die Kirche wurde ab\nungef\u00e4hr 1150 gebaut und in den folgenden Jahrhunderten immer wieder erweitert.<\/p>\n\n\n\n<p>Bei der Restaurierung eines Tafelbildes, das jetzt unter der Jungfernb\u00fchne angebracht ist, wurden die Namen von einigen wohlhabenden Bauern gefunden, die diese Bilder gestiftet haben. Das Tafelbild ist 1652 entstanden und aus Enkesen haben ein Johann Kipp, Georg L\u00fc\u00dfe und Johann Risse jeweils ein Bild bezahlt. Das deutet, nur wenige Jahre nach dem Ende des Drei\u00dfigj\u00e4hrigen Krieg, auf einen nicht geringen Reichtum hin. Das Bild ist vielleicht auch als Dankesgabe f\u00fcr den Frieden aufzufassen.<\/p>\n\n\n\n<p>Heiko Droste <\/p>\n","protected":false},"excerpt":{"rendered":"<p>Enkesen wird wie auch die anderen umliegenden D\u00f6rfer zuerst im Zusammenhang mit dem Kloster Paradiese genannt. Die dortigen Dominikanerinnen hatten viel Grundbesitz in der Umgebung. Gemeinsam ist den D\u00f6rfern auch, dass sie sp\u00e4testens seit dem 13. Jahrhundert zur Kirchengemeinde Schwefe geh\u00f6rten. Die D\u00f6rfer waren dabei von Beginn an so klein, dass sie keine eigene Kirche &hellip; <\/p>\n<p class=\"link-more\"><a href=\"http:\/\/www.enkesen.de\/?page_id=245\" class=\"more-link\"><span class=\"screen-reader-text\">\u201eDie Kirche St. Severin in Schwefe\u201c <\/span>weiterlesen<\/a><\/p>\n","protected":false},"author":1,"featured_media":0,"parent":0,"menu_order":0,"comment_status":"closed","ping_status":"closed","template":"template-full-width.php","meta":{"footnotes":""},"class_list":["post-245","page","type-page","status-publish","hentry"],"_links":{"self":[{"href":"http:\/\/www.enkesen.de\/index.php?rest_route=\/wp\/v2\/pages\/245","targetHints":{"allow":["GET"]}}],"collection":[{"href":"http:\/\/www.enkesen.de\/index.php?rest_route=\/wp\/v2\/pages"}],"about":[{"href":"http:\/\/www.enkesen.de\/index.php?rest_route=\/wp\/v2\/types\/page"}],"author":[{"embeddable":true,"href":"http:\/\/www.enkesen.de\/index.php?rest_route=\/wp\/v2\/users\/1"}],"replies":[{"embeddable":true,"href":"http:\/\/www.enkesen.de\/index.php?rest_route=%2Fwp%2Fv2%2Fcomments&post=245"}],"version-history":[{"count":2,"href":"http:\/\/www.enkesen.de\/index.php?rest_route=\/wp\/v2\/pages\/245\/revisions"}],"predecessor-version":[{"id":267,"href":"http:\/\/www.enkesen.de\/index.php?rest_route=\/wp\/v2\/pages\/245\/revisions\/267"}],"wp:attachment":[{"href":"http:\/\/www.enkesen.de\/index.php?rest_route=%2Fwp%2Fv2%2Fmedia&parent=245"}],"curies":[{"name":"wp","href":"https:\/\/api.w.org\/{rel}","templated":true}]}}